{"id":608,"date":"2022-06-10T19:22:20","date_gmt":"2022-06-10T19:22:20","guid":{"rendered":"https:\/\/demo.themedraft.net\/wp\/doctio\/?page_id=608"},"modified":"2025-10-29T10:33:46","modified_gmt":"2025-10-29T15:33:46","slug":"about-us","status":"publish","type":"page","link":"https:\/\/sangregorio.edu.ec\/planificacioninstitucional\/about-us\/","title":{"rendered":"Quienes Somos"},"content":{"rendered":"\t\t<div data-elementor-type=\"wp-page\" data-elementor-id=\"608\" class=\"elementor elementor-608\">\n\t\t\t\t\t\t<section class=\"elementor-section elementor-top-section elementor-element elementor-element-b550e61 elementor-section-stretched elementor-section-full_width elementor-section-height-default elementor-section-height-default\" data-id=\"b550e61\" data-element_type=\"section\" data-settings=\"{&quot;stretch_section&quot;:&quot;section-stretched&quot;,&quot;background_background&quot;:&quot;classic&quot;}\">\n\t\t\t\t\t\t<div class=\"elementor-container elementor-column-gap-default\">\n\t\t\t\t\t<div class=\"elementor-column elementor-col-100 elementor-top-column elementor-element elementor-element-b9f2c59\" data-id=\"b9f2c59\" data-element_type=\"column\">\n\t\t\t<div class=\"elementor-widget-wrap elementor-element-populated\">\n\t\t\t\t\t\t<div class=\"elementor-element elementor-element-f1a42ce elementor-widget elementor-widget-themedraft_section_title\" data-id=\"f1a42ce\" data-element_type=\"widget\" data-widget_type=\"themedraft_section_title.default\">\n\t\t\t\t<div class=\"elementor-widget-container\">\n\t\t\t\n\t\t<div class=\"td-section-title-wrapper\">\n            <div class=\"td-section-title-content td-secondary-font\">\n                                    <div class=\"td-section-title-bg-text \">\n                        Informacion                    <\/div>\n                \n                                    <div class=\"td-section-subtitle td-primary-color\">\n                        Departamento de Planificaci\u00f3n Institucional Universitaria                    <\/div>\n                \n                                    <div class=\"td-section-title\">\n                        <h1>Quienes Somos<\/h1>                    <\/div>\n                                        <div class=\"title-bottom-line\" style=\"background-image: url(https:\/\/demo.themedraft.net\/wp\/doctio\/wp-content\/uploads\/2022\/06\/line-1.png)\"><\/div>\n                                                <\/div>\n\t\t<\/div>\n\t\t\t\t<\/div>\n\t\t\t\t<\/div>\n\t\t\t\t<div class=\"elementor-element elementor-element-1ac0d66 entry-parrafo elementor-widget elementor-widget-themedraft_text\" data-id=\"1ac0d66\" data-element_type=\"widget\" data-widget_type=\"themedraft_text.default\">\n\t\t\t\t<div class=\"elementor-widget-container\">\n\t\t\t\n\t\t<div class=\"td-text-wrapper\">\n\t\t\t<p>En el Departamento de Planificaci\u00f3n Institucional (DPI) trabajamos con una visi\u00f3n clara: acompa\u00f1ar a la universidad en la construcci\u00f3n de un futuro s\u00f3lido, coherente y sostenible. Somos el equipo responsable de liderar, coordinar y acompa\u00f1ar los procesos de planificaci\u00f3n estrat\u00e9gica, prospectiva y operativa que permiten a la instituci\u00f3n avanzar con sentido y prop\u00f3sito.<\/p><p>Creemos firmemente en una planificaci\u00f3n que no solo responde a lo normativo, sino que integra la voz de la comunidad universitaria, alineando nuestros esfuerzos con el marco legal, las pol\u00edticas nacionales y las metas institucionales.<\/p><p>Desde nuestros inicios, hemos impulsado una cultura de planificaci\u00f3n participativa, basada en resultados y con mirada de futuro. Esta forma de trabajar nos ha permitido consolidarnos como un \u00e1rea clave para el desarrollo acad\u00e9mico, administrativo y social de la universidad.<\/p><p>\u00bfQu\u00e9 hacemos?<\/p><p>Nuestras principales tareas son:<\/p><ul><li>Elaborar y dar seguimiento al Plan Estrat\u00e9gico de Desarrollo Institucional (PEDI), que traza el camino hacia el cumplimiento de nuestra misi\u00f3n y visi\u00f3n.<\/li><li>Coordinar la construcci\u00f3n de los Planes Operativos Anuales (POA) junto con las unidades acad\u00e9micas y administrativas.<\/li><li>Generar informaci\u00f3n estrat\u00e9gica confiable, a trav\u00e9s de indicadores de desempe\u00f1o que nos permiten tomar decisiones informadas.<\/li><li>Alinear la planificaci\u00f3n institucional con los planes de desarrollo del pa\u00eds y del territorio.<\/li><li>Acompa\u00f1ar, asesorar y fortalecer la capacidad de planificaci\u00f3n de cada \u00e1rea de la universidad.<\/li><li>Desarrollar procesos de monitoreo y evaluaci\u00f3n de la ejecuci\u00f3n de planes operativos.<\/li><\/ul><p>En todo lo que hacemos, nos guiamos por principios de transparencia, participaci\u00f3n, sostenibilidad y mejora continua. Nuestro mayor compromiso es contribuir a una universidad m\u00e1s resiliente, innovadora y orientada al bienestar de las personas y de la sociedad.<\/p><p>\u00a0<\/p>\n            \t\t<\/div>\n\n\t\t\t\t<\/div>\n\t\t\t\t<\/div>\n\t\t\t\t<div class=\"elementor-element elementor-element-635cd70 btn-hide elementor-widget__width-auto elementor-widget-tablet__width-inherit elementor-widget elementor-widget-themedraft_service_box_two\" data-id=\"635cd70\" data-element_type=\"widget\" data-widget_type=\"themedraft_service_box_two.default\">\n\t\t\t\t<div class=\"elementor-widget-container\">\n\t\t\t\n\t\t<div class=\"service-two-wrapper\">\n\t\t\t<div class=\"row\">\n\t\t\t\t\t\t\t\t\t\t<div class=\"col-xl-6 col-lg-6 col-md-12\">\n\t\t\t\t\t\t\t<div class=\"td-service-two-item\">\n\t\t\t\t\t\t\t\t<a href=\"\" class=\"td-service-image-and-icon-wrapper\" >\n\t\t\t\t\t\t\t\t\t<div class=\"td-service-two-image td-cover-bg\" style=\"background-image: url(https:\/\/sangregorio.edu.ec\/planificacioninstitucional\/wp-content\/uploads\/2024\/08\/NEW02788-scaled.jpg)\">\n                                        <div class=\"td-service-item-two-icon\">\n                                            <svg aria-hidden=\"true\" class=\"e-font-icon-svg e-fas-address-card\" viewBox=\"0 0 576 512\" xmlns=\"http:\/\/www.w3.org\/2000\/svg\"><path d=\"M528 32H48C21.5 32 0 53.5 0 80v352c0 26.5 21.5 48 48 48h480c26.5 0 48-21.5 48-48V80c0-26.5-21.5-48-48-48zm-352 96c35.3 0 64 28.7 64 64s-28.7 64-64 64-64-28.7-64-64 28.7-64 64-64zm112 236.8c0 10.6-10 19.2-22.4 19.2H86.4C74 384 64 375.4 64 364.8v-19.2c0-31.8 30.1-57.6 67.2-57.6h5c12.3 5.1 25.7 8 39.8 8s27.6-2.9 39.8-8h5c37.1 0 67.2 25.8 67.2 57.6v19.2zM512 312c0 4.4-3.6 8-8 8H360c-4.4 0-8-3.6-8-8v-16c0-4.4 3.6-8 8-8h144c4.4 0 8 3.6 8 8v16zm0-64c0 4.4-3.6 8-8 8H360c-4.4 0-8-3.6-8-8v-16c0-4.4 3.6-8 8-8h144c4.4 0 8 3.6 8 8v16zm0-64c0 4.4-3.6 8-8 8H360c-4.4 0-8-3.6-8-8v-16c0-4.4 3.6-8 8-8h144c4.4 0 8 3.6 8 8v16z\"><\/path><\/svg>                                        <\/div>\n                                    <\/div>\n\t\t\t\t\t\t\t\t<\/a>\n\n                                <div class=\"td-service-two-content\">\n                                    <span class=\"td-service-two-subtitle td-secondary-color\">Ec. Luc\u00eda Zambrano Santos<\/span>\n                                    <h4 class=\"td-service-two-title\">Jefe de Planificaci\u00f3n Institucional<\/h4>\n                                    <div class=\"td-service-two-desc td-last-p-0\">\n                                        <ul><li>Economista Magister en Docencia e Investigaci\u00f3n Educativa.<\/li><li>Auditor Interno en ISO 9001:2008.<\/li><li>zlzambrano@sangregorio.edu.ec<\/li><\/ul>                                    <\/div>\n                                    <div class=\"service-two-details-btn\">\n                                        <a class=\"td-text-button\" href=\"\" > <i class=\"fas fa-angle-double-right\"><\/i><\/a>\n                                    <\/div>\n                                <\/div>\n\n\n\t\t\t\t\t\t\t<\/div>\n\t\t\t\t\t\t<\/div>\n\t\t\t\t\t\t\t\t\t\t<div class=\"col-xl-6 col-lg-6 col-md-12\">\n\t\t\t\t\t\t\t<div class=\"td-service-two-item\">\n\t\t\t\t\t\t\t\t<a href=\"\" class=\"td-service-image-and-icon-wrapper\" >\n\t\t\t\t\t\t\t\t\t<div class=\"td-service-two-image td-cover-bg\" style=\"background-image: url(https:\/\/sangregorio.edu.ec\/planificacioninstitucional\/wp-content\/uploads\/2025\/10\/mujer-generica.png)\">\n                                        <div class=\"td-service-item-two-icon\">\n                                            <svg aria-hidden=\"true\" class=\"e-font-icon-svg e-fas-address-card\" viewBox=\"0 0 576 512\" xmlns=\"http:\/\/www.w3.org\/2000\/svg\"><path d=\"M528 32H48C21.5 32 0 53.5 0 80v352c0 26.5 21.5 48 48 48h480c26.5 0 48-21.5 48-48V80c0-26.5-21.5-48-48-48zm-352 96c35.3 0 64 28.7 64 64s-28.7 64-64 64-64-28.7-64-64 28.7-64 64-64zm112 236.8c0 10.6-10 19.2-22.4 19.2H86.4C74 384 64 375.4 64 364.8v-19.2c0-31.8 30.1-57.6 67.2-57.6h5c12.3 5.1 25.7 8 39.8 8s27.6-2.9 39.8-8h5c37.1 0 67.2 25.8 67.2 57.6v19.2zM512 312c0 4.4-3.6 8-8 8H360c-4.4 0-8-3.6-8-8v-16c0-4.4 3.6-8 8-8h144c4.4 0 8 3.6 8 8v16zm0-64c0 4.4-3.6 8-8 8H360c-4.4 0-8-3.6-8-8v-16c0-4.4 3.6-8 8-8h144c4.4 0 8 3.6 8 8v16zm0-64c0 4.4-3.6 8-8 8H360c-4.4 0-8-3.6-8-8v-16c0-4.4 3.6-8 8-8h144c4.4 0 8 3.6 8 8v16z\"><\/path><\/svg>                                        <\/div>\n                                    <\/div>\n\t\t\t\t\t\t\t\t<\/a>\n\n                                <div class=\"td-service-two-content\">\n                                    <span class=\"td-service-two-subtitle td-secondary-color\">Lcda. Cecilia Valdiviezo Pinargote<\/span>\n                                    <h4 class=\"td-service-two-title\">Asistente Departamental<\/h4>\n                                    <div class=\"td-service-two-desc td-last-p-0\">\n                                        <ul><li>Licenciada en Ciencias de la Educaci\u00f3n Menci\u00f3n Contabilidad Computarizada.<\/li><li>cvaldiviezo@sangregorio.edu.ec<\/li><\/ul>                                    <\/div>\n                                    <div class=\"service-two-details-btn\">\n                                        <a class=\"td-text-button\" href=\"\" > <i class=\"fas fa-angle-double-right\"><\/i><\/a>\n                                    <\/div>\n                                <\/div>\n\n\n\t\t\t\t\t\t\t<\/div>\n\t\t\t\t\t\t<\/div>\n\t\t\t\t\t\t\t<\/div>\n\t\t<\/div>\n\n\t\t\t\t<\/div>\n\t\t\t\t<\/div>\n\t\t\t\t\t<\/div>\n\t\t<\/div>\n\t\t\t\t\t<\/div>\n\t\t<\/section>\n\t\t\t\t<\/div>\n\t\t","protected":false},"excerpt":{"rendered":"<p>Informacion Departamento de Planificaci\u00f3n Institucional Universitaria Quienes Somos En el Departamento de Planificaci\u00f3n Institucional (DPI) trabajamos con una visi\u00f3n clara: acompa\u00f1ar a la universidad en la construcci\u00f3n de un futuro s\u00f3lido, coherente y sostenible. Somos el equipo responsable de liderar, coordinar y acompa\u00f1ar los procesos de planificaci\u00f3n estrat\u00e9gica, prospectiva y operativa que permiten a la [&hellip;]<\/p>\n","protected":false},"author":1,"featured_media":0,"parent":0,"menu_order":0,"comment_status":"closed","ping_status":"closed","template":"","meta":{"footnotes":""},"class_list":["post-608","page","type-page","status-publish","hentry"],"_links":{"self":[{"href":"https:\/\/sangregorio.edu.ec\/planificacioninstitucional\/wp-json\/wp\/v2\/pages\/608","targetHints":{"allow":["GET"]}}],"collection":[{"href":"https:\/\/sangregorio.edu.ec\/planificacioninstitucional\/wp-json\/wp\/v2\/pages"}],"about":[{"href":"https:\/\/sangregorio.edu.ec\/planificacioninstitucional\/wp-json\/wp\/v2\/types\/page"}],"author":[{"embeddable":true,"href":"https:\/\/sangregorio.edu.ec\/planificacioninstitucional\/wp-json\/wp\/v2\/users\/1"}],"replies":[{"embeddable":true,"href":"https:\/\/sangregorio.edu.ec\/planificacioninstitucional\/wp-json\/wp\/v2\/comments?post=608"}],"version-history":[{"count":80,"href":"https:\/\/sangregorio.edu.ec\/planificacioninstitucional\/wp-json\/wp\/v2\/pages\/608\/revisions"}],"predecessor-version":[{"id":1790,"href":"https:\/\/sangregorio.edu.ec\/planificacioninstitucional\/wp-json\/wp\/v2\/pages\/608\/revisions\/1790"}],"wp:attachment":[{"href":"https:\/\/sangregorio.edu.ec\/planificacioninstitucional\/wp-json\/wp\/v2\/media?parent=608"}],"curies":[{"name":"wp","href":"https:\/\/api.w.org\/{rel}","templated":true}]}}