{"id":1297,"date":"2024-08-02T17:10:38","date_gmt":"2024-08-02T22:10:38","guid":{"rendered":"https:\/\/planificacioninstitucional.sangregorio.edu.ec\/ts\/?page_id=1297"},"modified":"2024-08-02T17:20:16","modified_gmt":"2024-08-02T22:20:16","slug":"objetivos-tacticos","status":"publish","type":"page","link":"https:\/\/sangregorio.edu.ec\/planificacioninstitucional\/objetivos-tacticos\/","title":{"rendered":"Objetivos T\u00e1cticos"},"content":{"rendered":"\t\t<div data-elementor-type=\"wp-page\" data-elementor-id=\"1297\" class=\"elementor elementor-1297\">\n\t\t\t\t\t\t<section class=\"elementor-section elementor-top-section elementor-element elementor-element-799089b elementor-section-stretched elementor-section-full_width elementor-section-height-default elementor-section-height-default\" data-id=\"799089b\" data-element_type=\"section\" data-settings=\"{&quot;stretch_section&quot;:&quot;section-stretched&quot;,&quot;background_background&quot;:&quot;classic&quot;}\">\n\t\t\t\t\t\t<div class=\"elementor-container elementor-column-gap-default\">\n\t\t\t\t\t<div class=\"elementor-column elementor-col-100 elementor-top-column elementor-element elementor-element-82474f4\" data-id=\"82474f4\" data-element_type=\"column\">\n\t\t\t<div class=\"elementor-widget-wrap elementor-element-populated\">\n\t\t\t\t\t\t<div class=\"elementor-element elementor-element-2e0f6a8 elementor-widget elementor-widget-themedraft_section_title\" data-id=\"2e0f6a8\" data-element_type=\"widget\" data-widget_type=\"themedraft_section_title.default\">\n\t\t\t\t<div class=\"elementor-widget-container\">\n\t\t\t\n\t\t<div class=\"td-section-title-wrapper\">\n            <div class=\"td-section-title-content td-secondary-font\">\n                \n                \n                                    <div class=\"td-section-title\">\n                        <h2>Objetivos Tacticos<\/h2>                    <\/div>\n                                        <div class=\"title-bottom-line\" style=\"background-image: url(https:\/\/demo.themedraft.net\/wp\/doctio\/wp-content\/uploads\/2022\/06\/line-1.png)\"><\/div>\n                                                <\/div>\n\t\t<\/div>\n\t\t\t\t<\/div>\n\t\t\t\t<\/div>\n\t\t\t\t<div class=\"elementor-element elementor-element-54f492b elementor-widget elementor-widget-themedraft_text\" data-id=\"54f492b\" data-element_type=\"widget\" data-widget_type=\"themedraft_text.default\">\n\t\t\t\t<div class=\"elementor-widget-container\">\n\t\t\t\n\t\t<div class=\"td-text-wrapper\">\n\t\t\t<p class=\"font_8\"><strong>1.1.<\/strong> Fortalecer la eficiencia acad\u00e9mica para lograr niveles \u00f3ptimos de calidad nacional e internacional<\/p><p class=\"font_8\"><strong>1.2.<\/strong> Ofertar estudios de posgrado en la Universidad<\/p><p class=\"font_8\"><strong>1.3.<\/strong> Mejorar y estandarizar el proceso de acompa\u00f1amiento y seguimiento a graduados.<\/p><p class=\"font_8\"><strong>1.4.<\/strong> Implementar programas de capacitaci\u00f3n, de especializaci\u00f3n profesional y educaci\u00f3n continua para los profesores y estudiantes de la instituci\u00f3n.<\/p><p class=\"font_8\"><strong>1.5.<\/strong> Lograr la adecuaci\u00f3n de Normativa Interna en base a los Reglamentos nacionales expedidos por el Consejo de Educaci\u00f3n Superior (CES).<\/p><p class=\"font_8\"><strong>1.6.<\/strong> Regularizar la estabilidad docente de acuerdo a la normativa establecida por el Consejo de Educaci\u00f3n Superior.<\/p><p class=\"font_8\"><strong>1.7.<\/strong> Potenciar el aprendizaje del idioma ingl\u00e9s en cada una de las carreras.<\/p><p class=\"font_8\"><strong>2.1.<\/strong> Potenciar la investigaci\u00f3n en la instituci\u00f3n que promueva la calidad cient\u00edfica y acad\u00e9mica.<\/p><p class=\"font_8\"><strong>2.2.<\/strong> Promover la investigaci\u00f3n de fronteras acorde al plan del buen vivir y a la matriz productiva nacional.<\/p><p><strong>2.3.<\/strong> Desarrollar red de investigaci\u00f3n en \u00e1reas multidisciplinares que permita generar investigaci\u00f3n e integrar carreras y universidades a nivel nacional e internacional.<\/p><p class=\"font_6\"><strong>3.1.<\/strong> Impulsar programas de vinculaci\u00f3n con la sociedad, preferentemente en zonas vulnerables de la geograf\u00eda provincial<\/p><p class=\"font_8\"><strong>3.2<\/strong>. Fortalecer la cultura de emprendimiento para impulsar el desarrollo micro empresarial<\/p><p class=\"font_8\"><strong>3.3.<\/strong> Articular la academia con el desarrollo integral de la cultura y las relaciones de interculturalidad de la sociedad.<\/p><p class=\"font_8\"><strong>3.4.<\/strong> Impulsar la sensibilizaci\u00f3n y protecci\u00f3n del entorno ambiental.<\/p><p class=\"font_8\"><strong>4.1.<\/strong> Hasta marzo del 2016 incrementar la cobertura y la calidad de los servicios de bienestar estudiantil a trav\u00e9s de programas y proyectos que generen \u00f3ptimos niveles de satisfacci\u00f3n<\/p><p class=\"font_8\"><strong>4.2.<\/strong> Implementar programa de Bienestar Universitario, tendiente a la armonizaci\u00f3n y convivencia de la comunidad universitaria de la USGP.<\/p><p class=\"font_8\"><strong>5.1.<\/strong> Mejorar el clima el clima laboral y la cultura organizacional de la instituci\u00f3n<\/p><p class=\"font_8\"><strong>5.2.<\/strong> Implementar cultura de buenas pr\u00e1cticas de gesti\u00f3n administrativa para un desempe\u00f1o efectivo, c\u00e1lido y transparente del accionar universitario.<\/p><p class=\"font_8\"><strong>5.3.<\/strong> Fortalecer el servicio y uso integral de la biblioteca general.<\/p><p class=\"font_8\"><strong>5.4.<\/strong> Potenciar la identidad corporativa e imagen institucional a nivel interno y externo.<\/p><p class=\"font_8\"><strong>5.5.<\/strong> Lograr una efectiva administraci\u00f3n de los Activos y recursos financieros de la instituci\u00f3n.<\/p><p class=\"font_8\"><strong>5.6.<\/strong> Implementar infraestructura tecnol\u00f3gica y sistema inform\u00e1tico integral para la operatividad institucional.<\/p><p class=\"font_8\"><strong>5.7.<\/strong> Mejorar las condiciones de acceso peatonal y vehicular a las instalaciones de la Universidad.<\/p>\n            \t\t<\/div>\n\n\t\t\t\t<\/div>\n\t\t\t\t<\/div>\n\t\t\t\t\t<\/div>\n\t\t<\/div>\n\t\t\t\t\t<\/div>\n\t\t<\/section>\n\t\t\t\t<\/div>\n\t\t","protected":false},"excerpt":{"rendered":"<p>Objetivos Tacticos 1.1. Fortalecer la eficiencia acad\u00e9mica para lograr niveles \u00f3ptimos de calidad nacional e internacional 1.2. Ofertar estudios de posgrado en la Universidad 1.3. Mejorar y estandarizar el proceso de acompa\u00f1amiento y seguimiento a graduados. 1.4. Implementar programas de capacitaci\u00f3n, de especializaci\u00f3n profesional y educaci\u00f3n continua para los profesores y estudiantes de la instituci\u00f3n. [&hellip;]<\/p>\n","protected":false},"author":1,"featured_media":0,"parent":0,"menu_order":0,"comment_status":"closed","ping_status":"closed","template":"","meta":{"footnotes":""},"class_list":["post-1297","page","type-page","status-publish","hentry"],"_links":{"self":[{"href":"https:\/\/sangregorio.edu.ec\/planificacioninstitucional\/wp-json\/wp\/v2\/pages\/1297","targetHints":{"allow":["GET"]}}],"collection":[{"href":"https:\/\/sangregorio.edu.ec\/planificacioninstitucional\/wp-json\/wp\/v2\/pages"}],"about":[{"href":"https:\/\/sangregorio.edu.ec\/planificacioninstitucional\/wp-json\/wp\/v2\/types\/page"}],"author":[{"embeddable":true,"href":"https:\/\/sangregorio.edu.ec\/planificacioninstitucional\/wp-json\/wp\/v2\/users\/1"}],"replies":[{"embeddable":true,"href":"https:\/\/sangregorio.edu.ec\/planificacioninstitucional\/wp-json\/wp\/v2\/comments?post=1297"}],"version-history":[{"count":4,"href":"https:\/\/sangregorio.edu.ec\/planificacioninstitucional\/wp-json\/wp\/v2\/pages\/1297\/revisions"}],"predecessor-version":[{"id":1304,"href":"https:\/\/sangregorio.edu.ec\/planificacioninstitucional\/wp-json\/wp\/v2\/pages\/1297\/revisions\/1304"}],"wp:attachment":[{"href":"https:\/\/sangregorio.edu.ec\/planificacioninstitucional\/wp-json\/wp\/v2\/media?parent=1297"}],"curies":[{"name":"wp","href":"https:\/\/api.w.org\/{rel}","templated":true}]}}