{"id":1288,"date":"2024-08-02T16:51:51","date_gmt":"2024-08-02T21:51:51","guid":{"rendered":"https:\/\/planificacioninstitucional.sangregorio.edu.ec\/ts\/?page_id=1288"},"modified":"2024-08-02T16:59:20","modified_gmt":"2024-08-02T21:59:20","slug":"objetivos-estrategicos","status":"publish","type":"page","link":"https:\/\/sangregorio.edu.ec\/planificacioninstitucional\/objetivos-estrategicos\/","title":{"rendered":"Objetivos Estrat\u00e9gicos"},"content":{"rendered":"\t\t<div data-elementor-type=\"wp-page\" data-elementor-id=\"1288\" class=\"elementor elementor-1288\">\n\t\t\t\t\t\t<section class=\"elementor-section elementor-top-section elementor-element elementor-element-34803bc elementor-section-stretched elementor-section-boxed elementor-section-height-default elementor-section-height-default\" data-id=\"34803bc\" data-element_type=\"section\" data-settings=\"{&quot;stretch_section&quot;:&quot;section-stretched&quot;}\">\n\t\t\t\t\t\t<div class=\"elementor-container elementor-column-gap-default\">\n\t\t\t\t\t<div class=\"elementor-column elementor-col-33 elementor-top-column elementor-element elementor-element-cfb7b29\" data-id=\"cfb7b29\" data-element_type=\"column\">\n\t\t\t<div class=\"elementor-widget-wrap elementor-element-populated\">\n\t\t\t\t\t\t<div class=\"elementor-element elementor-element-d38d3a1 elementor-widget elementor-widget-themedraft_tiwcb\" data-id=\"d38d3a1\" data-element_type=\"widget\" data-widget_type=\"themedraft_tiwcb.default\">\n\t\t\t\t<div class=\"elementor-widget-container\">\n\t\t\t\n        <div class=\"td-tiwcb-wrapper\">\n\n\n\n            <div class=\"td-tiwcb-first-image td-cover-bg\" style=\"background-image: url(https:\/\/sangregorio.edu.ec\/planificacioninstitucional\/wp-content\/uploads\/2024\/08\/Objetivos-Estrategicos.fw_-2.jpg)\"><\/div>\n\n            <div class=\"td-tiwcb-second-image td-cover-bg\" style=\"background-image: url(https:\/\/sangregorio.edu.ec\/planificacioninstitucional\/wp-content\/uploads\/2024\/08\/checklist_estrategia.jpg)\"><\/div>\n\n            <div class=\"td-tiwcb-third-image td-cover-bg\" style=\"background-image: url(https:\/\/sangregorio.edu.ec\/planificacioninstitucional\/wp-content\/uploads\/2024\/08\/web-corporativa.jpg)\">\n\t                        <\/div>\n        <\/div>\n\n\t\t\t\t<\/div>\n\t\t\t\t<\/div>\n\t\t\t\t\t<\/div>\n\t\t<\/div>\n\t\t\t\t<div class=\"elementor-column elementor-col-66 elementor-top-column elementor-element elementor-element-4d0a4ed\" data-id=\"4d0a4ed\" data-element_type=\"column\">\n\t\t\t<div class=\"elementor-widget-wrap elementor-element-populated\">\n\t\t\t\t\t\t<div class=\"elementor-element elementor-element-92cbc05 elementor-widget elementor-widget-themedraft_section_title\" data-id=\"92cbc05\" data-element_type=\"widget\" data-widget_type=\"themedraft_section_title.default\">\n\t\t\t\t<div class=\"elementor-widget-container\">\n\t\t\t\n\t\t<div class=\"td-section-title-wrapper\">\n            <div class=\"td-section-title-content td-secondary-font\">\n                \n                \n                                    <div class=\"td-section-title\">\n                        <h2>Objetivos Estrat\u00e9gicos<\/h2>                    <\/div>\n                                        <div class=\"title-bottom-line\" style=\"background-image: url(https:\/\/demo.themedraft.net\/wp\/doctio\/wp-content\/uploads\/2022\/06\/line-1.png)\"><\/div>\n                                                <\/div>\n\t\t<\/div>\n\t\t\t\t<\/div>\n\t\t\t\t<\/div>\n\t\t\t\t<div class=\"elementor-element elementor-element-fe1a099 elementor-widget elementor-widget-themedraft_text\" data-id=\"fe1a099\" data-element_type=\"widget\" data-widget_type=\"themedraft_text.default\">\n\t\t\t\t<div class=\"elementor-widget-container\">\n\t\t\t\n\t\t<div class=\"td-text-wrapper\">\n\t\t\t<ol><li>Potenciar la labor docente de conformidad a los est\u00e1ndares de calidad nacionales e internacionales que propicien la formaci\u00f3n integral de estudiantes y la generaci\u00f3n de conocimientos en pro del desarrollo sostenible y sustentable del pa\u00eds.<\/li><li>Fortalecer la investigaci\u00f3n para el desarrollo de la ciencia y tecnolog\u00eda, con el fin de transferir nuevos conocimientos en beneficio de la sociedad, vinculados a la agenda del buen vivir y la matriz productiva nacional<\/li><li>Desarrollar programas de vinculaci\u00f3n con la sociedad y cultura, que articulen el quehacer de la comunidad universitaria con el mejoramiento de la zona de influencia territorial, promoviendo e impulsando su desarrollo con responsabilidad social.<\/li><li>Fortalecer la integraci\u00f3n y el bienestar universitario promoviendo acciones encaminadas al desarrollo humano, la convivencia y la calidad de vida de la comunidad universitaria.<\/li><li>Reestructurar la organizaci\u00f3n y gesti\u00f3n institucional que permita brindar servicios de calidad a la comunidad universitaria.<\/li><\/ol>\n            \t\t<\/div>\n\n\t\t\t\t<\/div>\n\t\t\t\t<\/div>\n\t\t\t\t\t<\/div>\n\t\t<\/div>\n\t\t\t\t\t<\/div>\n\t\t<\/section>\n\t\t\t\t<\/div>\n\t\t","protected":false},"excerpt":{"rendered":"<p>Objetivos Estrat\u00e9gicos Potenciar la labor docente de conformidad a los est\u00e1ndares de calidad nacionales e internacionales que propicien la formaci\u00f3n integral de estudiantes y la generaci\u00f3n de conocimientos en pro del desarrollo sostenible y sustentable del pa\u00eds. Fortalecer la investigaci\u00f3n para el desarrollo de la ciencia y tecnolog\u00eda, con el fin de transferir nuevos conocimientos [&hellip;]<\/p>\n","protected":false},"author":1,"featured_media":0,"parent":0,"menu_order":0,"comment_status":"closed","ping_status":"closed","template":"","meta":{"footnotes":""},"class_list":["post-1288","page","type-page","status-publish","hentry"],"_links":{"self":[{"href":"https:\/\/sangregorio.edu.ec\/planificacioninstitucional\/wp-json\/wp\/v2\/pages\/1288","targetHints":{"allow":["GET"]}}],"collection":[{"href":"https:\/\/sangregorio.edu.ec\/planificacioninstitucional\/wp-json\/wp\/v2\/pages"}],"about":[{"href":"https:\/\/sangregorio.edu.ec\/planificacioninstitucional\/wp-json\/wp\/v2\/types\/page"}],"author":[{"embeddable":true,"href":"https:\/\/sangregorio.edu.ec\/planificacioninstitucional\/wp-json\/wp\/v2\/users\/1"}],"replies":[{"embeddable":true,"href":"https:\/\/sangregorio.edu.ec\/planificacioninstitucional\/wp-json\/wp\/v2\/comments?post=1288"}],"version-history":[{"count":4,"href":"https:\/\/sangregorio.edu.ec\/planificacioninstitucional\/wp-json\/wp\/v2\/pages\/1288\/revisions"}],"predecessor-version":[{"id":1296,"href":"https:\/\/sangregorio.edu.ec\/planificacioninstitucional\/wp-json\/wp\/v2\/pages\/1288\/revisions\/1296"}],"wp:attachment":[{"href":"https:\/\/sangregorio.edu.ec\/planificacioninstitucional\/wp-json\/wp\/v2\/media?parent=1288"}],"curies":[{"name":"wp","href":"https:\/\/api.w.org\/{rel}","templated":true}]}}