{"id":1234,"date":"2024-08-02T14:46:15","date_gmt":"2024-08-02T19:46:15","guid":{"rendered":"https:\/\/planificacioninstitucional.sangregorio.edu.ec\/ts\/?page_id=1234"},"modified":"2025-06-16T11:39:44","modified_gmt":"2025-06-16T16:39:44","slug":"objetivo","status":"publish","type":"page","link":"https:\/\/sangregorio.edu.ec\/planificacioninstitucional\/objetivo\/","title":{"rendered":"Objetivo"},"content":{"rendered":"\t\t<div data-elementor-type=\"wp-page\" data-elementor-id=\"1234\" class=\"elementor elementor-1234\">\n\t\t\t\t\t\t<section class=\"elementor-section elementor-top-section elementor-element elementor-element-9e7223f elementor-section-stretched elementor-section-boxed elementor-section-height-default elementor-section-height-default\" data-id=\"9e7223f\" data-element_type=\"section\" data-settings=\"{&quot;stretch_section&quot;:&quot;section-stretched&quot;}\">\n\t\t\t\t\t\t<div class=\"elementor-container elementor-column-gap-default\">\n\t\t\t\t\t<div class=\"elementor-column elementor-col-100 elementor-top-column elementor-element elementor-element-966324a\" data-id=\"966324a\" data-element_type=\"column\">\n\t\t\t<div class=\"elementor-widget-wrap elementor-element-populated\">\n\t\t\t\t\t\t<div class=\"elementor-element elementor-element-50c45a3 elementor-widget elementor-widget-themedraft_section_title\" data-id=\"50c45a3\" data-element_type=\"widget\" data-widget_type=\"themedraft_section_title.default\">\n\t\t\t\t<div class=\"elementor-widget-container\">\n\t\t\t\n\t\t<div class=\"td-section-title-wrapper\">\n            <div class=\"td-section-title-content td-secondary-font\">\n                                    <div class=\"td-section-title-bg-text left\">\n                        Objetivo                    <\/div>\n                \n                \n                                    <div class=\"td-section-title\">\n                        <h1>Objetivo del Departamento de Planificaci\u00f3n<\/h1>                    <\/div>\n                                        <div class=\"title-bottom-line\" style=\"background-image: url(https:\/\/demo.themedraft.net\/wp\/doctio\/wp-content\/uploads\/2022\/06\/line-1.png)\"><\/div>\n                                                <\/div>\n\t\t<\/div>\n\t\t\t\t<\/div>\n\t\t\t\t<\/div>\n\t\t\t\t<div class=\"elementor-element elementor-element-0746f6d elementor-widget elementor-widget-themedraft_text\" data-id=\"0746f6d\" data-element_type=\"widget\" data-widget_type=\"themedraft_text.default\">\n\t\t\t\t<div class=\"elementor-widget-container\">\n\t\t\t\n\t\t<div class=\"td-text-wrapper\">\n\t\t\t<p>Armonizar las actividades que se llevan a cabo en la instituci\u00f3n para contar con informaci\u00f3n actual y pertinente que permita la toma de decisiones y a su vez el de proporcionar informaci\u00f3n al sistema nacional de planificaci\u00f3n de la educaci\u00f3n superior y al sistema nacional de planificaci\u00f3n de ciencia, tecnolog\u00eda e innovaci\u00f3n en lo relativo a su contribuci\u00f3n al cumplimiento de las metas nacionales.<\/p><hr \/>\n            \t\t<\/div>\n\n\t\t\t\t<\/div>\n\t\t\t\t<\/div>\n\t\t\t\t<div class=\"elementor-element elementor-element-bc1a2e0 elementor-widget elementor-widget-themedraft_section_title\" data-id=\"bc1a2e0\" data-element_type=\"widget\" data-widget_type=\"themedraft_section_title.default\">\n\t\t\t\t<div class=\"elementor-widget-container\">\n\t\t\t\n\t\t<div class=\"td-section-title-wrapper\">\n            <div class=\"td-section-title-content td-secondary-font\">\n                                    <div class=\"td-section-title-bg-text left\">\n                        Objetivo                    <\/div>\n                \n                \n                                    <div class=\"td-section-title\">\n                        <h1>Objetivos Estrat\u00e9gicos<\/h1>                    <\/div>\n                                        <div class=\"title-bottom-line\" style=\"background-image: url(https:\/\/demo.themedraft.net\/wp\/doctio\/wp-content\/uploads\/2022\/06\/line-1.png)\"><\/div>\n                                                <\/div>\n\t\t<\/div>\n\t\t\t\t<\/div>\n\t\t\t\t<\/div>\n\t\t\t\t<div class=\"elementor-element elementor-element-475fc27 elementor-widget elementor-widget-themedraft_text\" data-id=\"475fc27\" data-element_type=\"widget\" data-widget_type=\"themedraft_text.default\">\n\t\t\t\t<div class=\"elementor-widget-container\">\n\t\t\t\n\t\t<div class=\"td-text-wrapper\">\n\t\t\t<p><strong><em>OE1:<\/em><\/strong> <em>Lograr una oferta acad\u00e9mica diversa, pertinente y flexible, con enfoque innovador e inclusivo, que responda a las demandas nacionales, regionales y globales de la educaci\u00f3n superior.<\/em><\/p><p><strong><em>OE2:<\/em><\/strong> <em>Potenciar la producci\u00f3n cient\u00edfica de impacto que responda a las exigencias nacionales e internacionales.<\/em><\/p><p><strong><em>OE3:<\/em><\/strong> <em>Promover la gesti\u00f3n social del conocimiento a trav\u00e9s de la innovaci\u00f3n para impulsar un efecto transformador y sostenible en la sociedad.<\/em><\/p><p><strong><em>OE4:<\/em><\/strong> <em>Garantizar el bienestar y la seguridad de la comunidad universitaria.<\/em><\/p><p><strong><em>OE5:<\/em><\/strong> <em>Fortalecer la cultura organizacional y administrativa que contribuya a la eficiencia operativa, la mejora continua y el compromiso institucional en todos los niveles.<\/em><\/p>\n            \t\t<\/div>\n\n\t\t\t\t<\/div>\n\t\t\t\t<\/div>\n\t\t\t\t\t<\/div>\n\t\t<\/div>\n\t\t\t\t\t<\/div>\n\t\t<\/section>\n\t\t\t\t<\/div>\n\t\t","protected":false},"excerpt":{"rendered":"<p>Objetivo Objetivo del Departamento de Planificaci\u00f3n Armonizar las actividades que se llevan a cabo en la instituci\u00f3n para contar con informaci\u00f3n actual y pertinente que permita la toma de decisiones y a su vez el de proporcionar informaci\u00f3n al sistema nacional de planificaci\u00f3n de la educaci\u00f3n superior y al sistema nacional de planificaci\u00f3n de ciencia, [&hellip;]<\/p>\n","protected":false},"author":1,"featured_media":0,"parent":0,"menu_order":0,"comment_status":"closed","ping_status":"closed","template":"","meta":{"footnotes":""},"class_list":["post-1234","page","type-page","status-publish","hentry"],"_links":{"self":[{"href":"https:\/\/sangregorio.edu.ec\/planificacioninstitucional\/wp-json\/wp\/v2\/pages\/1234","targetHints":{"allow":["GET"]}}],"collection":[{"href":"https:\/\/sangregorio.edu.ec\/planificacioninstitucional\/wp-json\/wp\/v2\/pages"}],"about":[{"href":"https:\/\/sangregorio.edu.ec\/planificacioninstitucional\/wp-json\/wp\/v2\/types\/page"}],"author":[{"embeddable":true,"href":"https:\/\/sangregorio.edu.ec\/planificacioninstitucional\/wp-json\/wp\/v2\/users\/1"}],"replies":[{"embeddable":true,"href":"https:\/\/sangregorio.edu.ec\/planificacioninstitucional\/wp-json\/wp\/v2\/comments?post=1234"}],"version-history":[{"count":13,"href":"https:\/\/sangregorio.edu.ec\/planificacioninstitucional\/wp-json\/wp\/v2\/pages\/1234\/revisions"}],"predecessor-version":[{"id":1748,"href":"https:\/\/sangregorio.edu.ec\/planificacioninstitucional\/wp-json\/wp\/v2\/pages\/1234\/revisions\/1748"}],"wp:attachment":[{"href":"https:\/\/sangregorio.edu.ec\/planificacioninstitucional\/wp-json\/wp\/v2\/media?parent=1234"}],"curies":[{"name":"wp","href":"https:\/\/api.w.org\/{rel}","templated":true}]}}