{"id":1221,"date":"2024-08-02T14:21:55","date_gmt":"2024-08-02T19:21:55","guid":{"rendered":"https:\/\/planificacioninstitucional.sangregorio.edu.ec\/ts\/?page_id=1221"},"modified":"2025-06-16T11:59:19","modified_gmt":"2025-06-16T16:59:19","slug":"organigrama","status":"publish","type":"page","link":"https:\/\/sangregorio.edu.ec\/planificacioninstitucional\/organigrama\/","title":{"rendered":"Organigrama"},"content":{"rendered":"\t\t<div data-elementor-type=\"wp-page\" data-elementor-id=\"1221\" class=\"elementor elementor-1221\">\n\t\t\t\t\t\t<section class=\"elementor-section elementor-top-section elementor-element elementor-element-9795d50 elementor-section-stretched elementor-section-full_width elementor-section-height-default elementor-section-height-default\" data-id=\"9795d50\" data-element_type=\"section\" data-settings=\"{&quot;stretch_section&quot;:&quot;section-stretched&quot;,&quot;background_background&quot;:&quot;classic&quot;}\">\n\t\t\t\t\t\t<div class=\"elementor-container elementor-column-gap-default\">\n\t\t\t\t\t<div class=\"elementor-column elementor-col-100 elementor-top-column elementor-element elementor-element-26943c0\" data-id=\"26943c0\" data-element_type=\"column\">\n\t\t\t<div class=\"elementor-widget-wrap elementor-element-populated\">\n\t\t\t\t\t\t<div class=\"elementor-element elementor-element-a3a9e41 elementor-widget elementor-widget-image\" data-id=\"a3a9e41\" data-element_type=\"widget\" data-widget_type=\"image.default\">\n\t\t\t\t<div class=\"elementor-widget-container\">\n\t\t\t<style>\/*! elementor - v3.23.0 - 25-07-2024 *\/\n.elementor-widget-image{text-align:center}.elementor-widget-image a{display:inline-block}.elementor-widget-image a img[src$=\".svg\"]{width:48px}.elementor-widget-image img{vertical-align:middle;display:inline-block}<\/style>\t\t\t\t\t\t\t\t\t\t<img fetchpriority=\"high\" decoding=\"async\" width=\"1024\" height=\"724\" src=\"https:\/\/sangregorio.edu.ec\/planificacioninstitucional\/wp-content\/uploads\/2024\/08\/ORGNIGRAMA_USGP_15-08-2019_DRA._LYLA_ALARCON-1024x724.jpg\" class=\"attachment-large size-large wp-image-1220\" alt=\"\" srcset=\"https:\/\/sangregorio.edu.ec\/planificacioninstitucional\/wp-content\/uploads\/2024\/08\/ORGNIGRAMA_USGP_15-08-2019_DRA._LYLA_ALARCON-1024x724.jpg 1024w, https:\/\/sangregorio.edu.ec\/planificacioninstitucional\/wp-content\/uploads\/2024\/08\/ORGNIGRAMA_USGP_15-08-2019_DRA._LYLA_ALARCON-300x212.jpg 300w, https:\/\/sangregorio.edu.ec\/planificacioninstitucional\/wp-content\/uploads\/2024\/08\/ORGNIGRAMA_USGP_15-08-2019_DRA._LYLA_ALARCON-768x543.jpg 768w, https:\/\/sangregorio.edu.ec\/planificacioninstitucional\/wp-content\/uploads\/2024\/08\/ORGNIGRAMA_USGP_15-08-2019_DRA._LYLA_ALARCON.jpg 1123w\" sizes=\"(max-width: 1024px) 100vw, 1024px\" \/>\t\t\t\t\t\t\t\t\t\t\t\t\t<\/div>\n\t\t\t\t<\/div>\n\t\t\t\t<div class=\"elementor-element elementor-element-0dbe861 elementor-widget elementor-widget-themedraft_section_title\" data-id=\"0dbe861\" data-element_type=\"widget\" data-widget_type=\"themedraft_section_title.default\">\n\t\t\t\t<div class=\"elementor-widget-container\">\n\t\t\t\n\t\t<div class=\"td-section-title-wrapper\">\n            <div class=\"td-section-title-content td-secondary-font\">\n                                    <div class=\"td-section-title-bg-text \">\n                        Organigrama                    <\/div>\n                \n                \n                                    <div class=\"td-section-title\">\n                        <h2>Resoluci\u00f3n de Aprobaci\u00f3n de la Estructura Org\u00e1nica<\/h2>                    <\/div>\n                                        <div class=\"title-bottom-line\" style=\"background-image: url(https:\/\/demo.themedraft.net\/wp\/doctio\/wp-content\/uploads\/2022\/06\/line-1.png)\"><\/div>\n                                                <\/div>\n\t\t<\/div>\n\t\t\t\t<\/div>\n\t\t\t\t<\/div>\n\t\t\t\t<div class=\"elementor-element elementor-element-5e516dd elementor-widget elementor-widget-html\" data-id=\"5e516dd\" data-element_type=\"widget\" data-widget_type=\"html.default\">\n\t\t\t\t<div class=\"elementor-widget-container\">\n\t\t\t<style>\r\n.section-descargas .download {\r\n  display: block;\r\n  position: relative;\r\n  margin-bottom: 30px;\r\n  padding: 15px;\r\n  border: 1px solid #dedede;\r\n  background-color: #eeeeee;\r\n  transition: all 200ms cubic-bezier(0.5, 0, 0.5, 1);\r\n  text-decoration: none;\r\n  color: inherit;\r\n}\r\n.section-descargas .download-box {\r\n  display: flex;\r\n  align-items: center;\r\n}\r\n.section-descargas .download .download-arrow {\r\n  padding: 0 15px;\r\n  color: #dedede;\r\n  transform: translateX(0);\r\n  transition: all 200ms ease-in;\r\n}\r\n.section-descargas .download:hover .download-arrow,\r\n.section-descargas .download:focus .download-arrow {\r\n  color: #ef771e;\r\n  transform: translateX(15px);\r\n}\r\n.section-descargas .download header {\r\n  flex: 1 1 auto;\r\n  padding: 0 15px;\r\n}\r\n<\/style>\r\n\r\n<section id=\"downloads\" class=\"section-descargas\">\r\n  <a href=\"https:\/\/sangregorio.edu.ec\/planificacioninstitucional\/wp-content\/uploads\/2024\/08\/Reglamento_Planificacion_16-08-2019.pdf\" download\r\n     class=\"download\" target=\"_blank\"\r\n     onclick=\"ga('send', 'event', 'Descarga PDF', 'click', 'Reglamento_Planificacion_16-08-2019.pdf');\"\r\n     title=\"Reglamento_Planificacion_16-08-2019\">\r\n    <div class=\"download-box\">\r\n      <div class=\"download-icon\">\r\n        <i class=\"fa fa-4x fa-download\" aria-hidden=\"true\"><\/i>\r\n        <i class=\"fa fa-lg fa-file-pdf-o\" aria-hidden=\"true\"><\/i>\r\n      <\/div>\r\n      <header>\r\n        <h4 class=\"ellipsis\" style=\"overflow-wrap: break-word;\">Descargar<\/h4>\r\n      <\/header>\r\n      <div class=\"download-arrow\">\r\n        <i class=\"fa fa-4x fa-angle-right\" aria-hidden=\"true\"><\/i>\r\n      <\/div>\r\n    <\/div>\r\n  <\/a>\r\n<\/section>\t\t<\/div>\n\t\t\t\t<\/div>\n\t\t\t\t\t<\/div>\n\t\t<\/div>\n\t\t\t\t\t<\/div>\n\t\t<\/section>\n\t\t\t\t<\/div>\n\t\t","protected":false},"excerpt":{"rendered":"<p>Organigrama Resoluci\u00f3n de Aprobaci\u00f3n de la Estructura Org\u00e1nica Descargar<\/p>\n","protected":false},"author":1,"featured_media":0,"parent":0,"menu_order":0,"comment_status":"closed","ping_status":"closed","template":"","meta":{"footnotes":""},"class_list":["post-1221","page","type-page","status-publish","hentry"],"_links":{"self":[{"href":"https:\/\/sangregorio.edu.ec\/planificacioninstitucional\/wp-json\/wp\/v2\/pages\/1221","targetHints":{"allow":["GET"]}}],"collection":[{"href":"https:\/\/sangregorio.edu.ec\/planificacioninstitucional\/wp-json\/wp\/v2\/pages"}],"about":[{"href":"https:\/\/sangregorio.edu.ec\/planificacioninstitucional\/wp-json\/wp\/v2\/types\/page"}],"author":[{"embeddable":true,"href":"https:\/\/sangregorio.edu.ec\/planificacioninstitucional\/wp-json\/wp\/v2\/users\/1"}],"replies":[{"embeddable":true,"href":"https:\/\/sangregorio.edu.ec\/planificacioninstitucional\/wp-json\/wp\/v2\/comments?post=1221"}],"version-history":[{"count":10,"href":"https:\/\/sangregorio.edu.ec\/planificacioninstitucional\/wp-json\/wp\/v2\/pages\/1221\/revisions"}],"predecessor-version":[{"id":1761,"href":"https:\/\/sangregorio.edu.ec\/planificacioninstitucional\/wp-json\/wp\/v2\/pages\/1221\/revisions\/1761"}],"wp:attachment":[{"href":"https:\/\/sangregorio.edu.ec\/planificacioninstitucional\/wp-json\/wp\/v2\/media?parent=1221"}],"curies":[{"name":"wp","href":"https:\/\/api.w.org\/{rel}","templated":true}]}}