{"id":1202,"date":"2024-08-02T12:23:03","date_gmt":"2024-08-02T17:23:03","guid":{"rendered":"https:\/\/planificacioninstitucional.sangregorio.edu.ec\/ts\/?page_id=1202"},"modified":"2025-06-16T11:54:40","modified_gmt":"2025-06-16T16:54:40","slug":"reglamento","status":"publish","type":"page","link":"https:\/\/sangregorio.edu.ec\/planificacioninstitucional\/reglamento\/","title":{"rendered":"Reglamento"},"content":{"rendered":"\t\t<div data-elementor-type=\"wp-page\" data-elementor-id=\"1202\" class=\"elementor elementor-1202\">\n\t\t\t\t\t\t<section class=\"elementor-section elementor-top-section elementor-element elementor-element-c988bd5 elementor-section-stretched elementor-section-full_width elementor-section-height-default elementor-section-height-default\" data-id=\"c988bd5\" data-element_type=\"section\" data-settings=\"{&quot;stretch_section&quot;:&quot;section-stretched&quot;,&quot;background_background&quot;:&quot;classic&quot;}\">\n\t\t\t\t\t\t<div class=\"elementor-container elementor-column-gap-default\">\n\t\t\t\t\t<div class=\"elementor-column elementor-col-100 elementor-top-column elementor-element elementor-element-5ba7c7c\" data-id=\"5ba7c7c\" data-element_type=\"column\">\n\t\t\t<div class=\"elementor-widget-wrap elementor-element-populated\">\n\t\t\t\t\t\t<div class=\"elementor-element elementor-element-19b0ca5 elementor-widget elementor-widget-themedraft_section_title\" data-id=\"19b0ca5\" data-element_type=\"widget\" data-widget_type=\"themedraft_section_title.default\">\n\t\t\t\t<div class=\"elementor-widget-container\">\n\t\t\t\n\t\t<div class=\"td-section-title-wrapper\">\n            <div class=\"td-section-title-content td-secondary-font\">\n                                    <div class=\"td-section-title-bg-text \">\n                        Resoluci\u00f3n                    <\/div>\n                \n                \n                                    <div class=\"td-section-title\">\n                        <h2>Resoluci\u00f3n USGC.U-No 525-08-2019 tomada en la sesi\u00f3n ordinaria del Consejo Universitario, el 13 de agosto de 2019.<\/h2>                    <\/div>\n                                        <div class=\"title-bottom-line\" style=\"background-image: url(https:\/\/demo.themedraft.net\/wp\/doctio\/wp-content\/uploads\/2022\/06\/line-1.png)\"><\/div>\n                                                <\/div>\n\t\t<\/div>\n\t\t\t\t<\/div>\n\t\t\t\t<\/div>\n\t\t\t\t<div class=\"elementor-element elementor-element-c3f0851 elementor-widget elementor-widget-html\" data-id=\"c3f0851\" data-element_type=\"widget\" data-widget_type=\"html.default\">\n\t\t\t\t<div class=\"elementor-widget-container\">\n\t\t\t<style>\r\n.section-descargas .download {\r\n  display: block;\r\n  position: relative;\r\n  margin-bottom: 30px;\r\n  padding: 15px;\r\n  border: 1px solid #dedede;\r\n  background-color: #eeeeee;\r\n  transition: all 200ms cubic-bezier(0.5, 0, 0.5, 1);\r\n  text-decoration: none;\r\n  color: inherit;\r\n}\r\n.section-descargas .download-box {\r\n  display: flex;\r\n  align-items: center;\r\n}\r\n.section-descargas .download .download-arrow {\r\n  padding: 0 15px;\r\n  color: #dedede;\r\n  transform: translateX(0);\r\n  transition: all 200ms ease-in;\r\n}\r\n.section-descargas .download:hover .download-arrow,\r\n.section-descargas .download:focus .download-arrow {\r\n  color: #ef771e;\r\n  transform: translateX(15px);\r\n}\r\n.section-descargas .download header {\r\n  flex: 1 1 auto;\r\n  padding: 0 15px;\r\n}\r\n<\/style>\r\n\r\n<section id=\"downloads\" class=\"section-descargas\">\r\n  <a href=\"https:\/\/sangregorio.edu.ec\/planificacioninstitucional\/wp-content\/uploads\/2024\/08\/Reglamento_Planificacion_16-08-2019.pdf\" download\r\n     class=\"download\" \r\n     onclick=\"ga('send', 'event', 'Descarga PDF', 'click', 'Reglamento_Planificacion_16-08-2019.pdf');\"\r\n     title=\"Reglamento_Planificacion_16-08-2019\">\r\n    <div class=\"download-box\">\r\n      <div class=\"download-icon\">\r\n        <i class=\"fa fa-4x fa-download\" aria-hidden=\"true\"><\/i>\r\n        <i class=\"fa fa-lg fa-file-pdf-o\" aria-hidden=\"true\"><\/i>\r\n      <\/div>\r\n      <header>\r\n        <h4 class=\"ellipsis\" style=\"overflow-wrap: break-word;\">Descarga<\/h4>\r\n      <\/header>\r\n      <div class=\"download-arrow\">\r\n        <i class=\"fa fa-4x fa-angle-right\" aria-hidden=\"true\"><\/i>\r\n      <\/div>\r\n    <\/div>\r\n  <\/a>\r\n<\/section>\t\t<\/div>\n\t\t\t\t<\/div>\n\t\t\t\t<div class=\"elementor-element elementor-element-fc2dc95 elementor-widget elementor-widget-themedraft_section_title\" data-id=\"fc2dc95\" data-element_type=\"widget\" data-widget_type=\"themedraft_section_title.default\">\n\t\t\t\t<div class=\"elementor-widget-container\">\n\t\t\t\n\t\t<div class=\"td-section-title-wrapper\">\n            <div class=\"td-section-title-content td-secondary-font\">\n                                    <div class=\"td-section-title-bg-text \">\n                        Resoluci\u00f3n                    <\/div>\n                \n                \n                                    <div class=\"td-section-title\">\n                        <h2>Resoluci\u00f3n No. USG-H.C.U-No 378-10-2015 tomada por el Honorable Consejo Universitario del d\u00eda 7 de octubre de 2015.<\/h2>                    <\/div>\n                                        <div class=\"title-bottom-line\" style=\"background-image: url(https:\/\/demo.themedraft.net\/wp\/doctio\/wp-content\/uploads\/2022\/06\/line-1.png)\"><\/div>\n                                                <\/div>\n\t\t<\/div>\n\t\t\t\t<\/div>\n\t\t\t\t<\/div>\n\t\t\t\t<div class=\"elementor-element elementor-element-146b2ef elementor-widget elementor-widget-html\" data-id=\"146b2ef\" data-element_type=\"widget\" data-widget_type=\"html.default\">\n\t\t\t\t<div class=\"elementor-widget-container\">\n\t\t\t<style>\r\n.section-descargas .download {\r\n  display: block;\r\n  position: relative;\r\n  margin-bottom: 30px;\r\n  padding: 15px;\r\n  border: 1px solid #dedede;\r\n  background-color: #eeeeee;\r\n  transition: all 200ms cubic-bezier(0.5, 0, 0.5, 1);\r\n  text-decoration: none;\r\n  color: inherit;\r\n}\r\n.section-descargas .download-box {\r\n  display: flex;\r\n  align-items: center;\r\n}\r\n.section-descargas .download .download-arrow {\r\n  padding: 0 15px;\r\n  color: #dedede;\r\n  transform: translateX(0);\r\n  transition: all 200ms ease-in;\r\n}\r\n.section-descargas .download:hover .download-arrow,\r\n.section-descargas .download:focus .download-arrow {\r\n  color: #ef771e;\r\n  transform: translateX(15px);\r\n}\r\n.section-descargas .download header {\r\n  flex: 1 1 auto;\r\n  padding: 0 15px;\r\n}\r\n<\/style>\r\n\r\n<section id=\"downloads\" class=\"section-descargas\">\r\n  <a href=\"https:\/\/sangregorio.edu.ec\/planificacioninstitucional\/wp-content\/uploads\/2024\/08\/reglamento_de_planifinal_7_de_octubre_de_2015.pdf\" download\r\n     class=\"download\" \r\n     onclick=\"ga('send', 'event', 'Descarga PDF', 'click', 'reglamento_de_planifinal_7_de_octubre_de_2015.pdf');\"\r\n     title=\"reglamento_de_planifinal_7_de_octubre_de_2015\">\r\n    <div class=\"download-box\">\r\n      <div class=\"download-icon\">\r\n        <i class=\"fa fa-4x fa-download\" aria-hidden=\"true\"><\/i>\r\n        <i class=\"fa fa-lg fa-file-pdf-o\" aria-hidden=\"true\"><\/i>\r\n      <\/div>\r\n      <header>\r\n        <h4 class=\"ellipsis\" style=\"overflow-wrap: break-word;\">Descarga<\/h4>\r\n      <\/header>\r\n      <div class=\"download-arrow\">\r\n        <i class=\"fa fa-4x fa-angle-right\" aria-hidden=\"true\"><\/i>\r\n      <\/div>\r\n    <\/div>\r\n  <\/a>\r\n<\/section>\t\t<\/div>\n\t\t\t\t<\/div>\n\t\t\t\t\t<\/div>\n\t\t<\/div>\n\t\t\t\t\t<\/div>\n\t\t<\/section>\n\t\t\t\t<\/div>\n\t\t","protected":false},"excerpt":{"rendered":"<p>Resoluci\u00f3n Resoluci\u00f3n USGC.U-No 525-08-2019 tomada en la sesi\u00f3n ordinaria del Consejo Universitario, el 13 de agosto de 2019. Descarga Resoluci\u00f3n Resoluci\u00f3n No. USG-H.C.U-No 378-10-2015 tomada por el Honorable Consejo Universitario del d\u00eda 7 de octubre de 2015. Descarga<\/p>\n","protected":false},"author":1,"featured_media":0,"parent":0,"menu_order":0,"comment_status":"closed","ping_status":"closed","template":"","meta":{"footnotes":""},"class_list":["post-1202","page","type-page","status-publish","hentry"],"_links":{"self":[{"href":"https:\/\/sangregorio.edu.ec\/planificacioninstitucional\/wp-json\/wp\/v2\/pages\/1202","targetHints":{"allow":["GET"]}}],"collection":[{"href":"https:\/\/sangregorio.edu.ec\/planificacioninstitucional\/wp-json\/wp\/v2\/pages"}],"about":[{"href":"https:\/\/sangregorio.edu.ec\/planificacioninstitucional\/wp-json\/wp\/v2\/types\/page"}],"author":[{"embeddable":true,"href":"https:\/\/sangregorio.edu.ec\/planificacioninstitucional\/wp-json\/wp\/v2\/users\/1"}],"replies":[{"embeddable":true,"href":"https:\/\/sangregorio.edu.ec\/planificacioninstitucional\/wp-json\/wp\/v2\/comments?post=1202"}],"version-history":[{"count":34,"href":"https:\/\/sangregorio.edu.ec\/planificacioninstitucional\/wp-json\/wp\/v2\/pages\/1202\/revisions"}],"predecessor-version":[{"id":1757,"href":"https:\/\/sangregorio.edu.ec\/planificacioninstitucional\/wp-json\/wp\/v2\/pages\/1202\/revisions\/1757"}],"wp:attachment":[{"href":"https:\/\/sangregorio.edu.ec\/planificacioninstitucional\/wp-json\/wp\/v2\/media?parent=1202"}],"curies":[{"name":"wp","href":"https:\/\/api.w.org\/{rel}","templated":true}]}}