{"id":909,"date":"2022-01-17T21:34:36","date_gmt":"2022-01-17T21:34:36","guid":{"rendered":"https:\/\/sangregorio.edu.ec\/observatoriociudadano\/?post_type=product&#038;p=909"},"modified":"2022-03-28T20:21:03","modified_gmt":"2022-03-28T20:21:03","slug":"boletin-informativo-n-5","status":"publish","type":"product","link":"https:\/\/sangregorio.edu.ec\/observatoriociudadano\/informes\/boletin-informativo-n-5\/","title":{"rendered":"Bolet\u00edn informativo N\u00b0 5"},"content":{"rendered":"","protected":false},"excerpt":{"rendered":"<p>El presente trabajo de investigaci\u00f3n tiene como prop\u00f3sito dar a conocer y crear conciencia sobre la importancia de los mecanismos de participaci\u00f3n que contempla la ley de Participaci\u00f3n Ciudadana, as\u00ed como su aplicaci\u00f3n y viabilidad, durante la pandemia COVID 19.<\/p>\n<a href=\"https:\/\/sangregorio.edu.ec\/observatoriociudadano\/wp-content\/uploads\/2022\/03\/Boletin-5.-Estado-de-los-mecanismos-de-participacion-ciudadana-1_compressed.pdf\" target=\"_self\" class=\"button primary\"  >\n    <span>descargar documento<\/span>\n  <i class=\"icon-angle-right\" ><\/i><\/a>\n\n","protected":false},"featured_media":967,"template":"","meta":[],"product_cat":[17],"product_tag":[],"class_list":["post-909","product","type-product","status-publish","has-post-thumbnail","hentry","product_cat-boletines"],"acf":[],"_links":{"self":[{"href":"https:\/\/sangregorio.edu.ec\/observatoriociudadano\/wp-json\/wp\/v2\/product\/909","targetHints":{"allow":["GET"]}}],"collection":[{"href":"https:\/\/sangregorio.edu.ec\/observatoriociudadano\/wp-json\/wp\/v2\/product"}],"about":[{"href":"https:\/\/sangregorio.edu.ec\/observatoriociudadano\/wp-json\/wp\/v2\/types\/product"}],"wp:featuredmedia":[{"embeddable":true,"href":"https:\/\/sangregorio.edu.ec\/observatoriociudadano\/wp-json\/wp\/v2\/media\/967"}],"wp:attachment":[{"href":"https:\/\/sangregorio.edu.ec\/observatoriociudadano\/wp-json\/wp\/v2\/media?parent=909"}],"wp:term":[{"taxonomy":"product_cat","embeddable":true,"href":"https:\/\/sangregorio.edu.ec\/observatoriociudadano\/wp-json\/wp\/v2\/product_cat?post=909"},{"taxonomy":"product_tag","embeddable":true,"href":"https:\/\/sangregorio.edu.ec\/observatoriociudadano\/wp-json\/wp\/v2\/product_tag?post=909"}],"curies":[{"name":"wp","href":"https:\/\/api.w.org\/{rel}","templated":true}]}}