{"id":557,"date":"2021-11-10T02:25:09","date_gmt":"2021-11-10T02:25:09","guid":{"rendered":"https:\/\/intelecta.ec\/comunidadresiliente\/?post_type=product&#038;p=557"},"modified":"2022-03-17T15:53:06","modified_gmt":"2022-03-17T15:53:06","slug":"resumen-general-resultados-informe-de-seguimiento","status":"publish","type":"product","link":"https:\/\/sangregorio.edu.ec\/observatoriociudadano\/informes\/resumen-general-resultados-informe-de-seguimiento\/","title":{"rendered":"Resumen general resultados Informe de Seguimiento"},"content":{"rendered":"","protected":false},"excerpt":{"rendered":"<p>En el marco de la iniciativa Hacia Comunidades Resilientes en Manab\u00ed, el Observatorio Ciudadano, liderado por Grupo FARO y la Universidad San Gregario de Portoviejo, dieron seguimiento a tres objetivos de la Agenda de Reactivaci\u00f3n, priorizados por la sociedad civil. En este fact fact sheet conocer\u00e1s un resumen general de los resultados del avance program\u00e1tico en temas como: Valor Agregado Local, Infraestructura productiva y Turismo.<\/p>\n<a href=\"https:\/\/sangregorio.edu.ec\/observatoriociudadano\/wp-content\/uploads\/2022\/03\/FACT-SHEET-MANABI-1-agosto-12-2020-1_compressed.pdf\" target=\"_self\" class=\"button primary\"  >\n    <span>descargar documento<\/span>\n  <i class=\"icon-angle-right\" ><\/i><\/a>\n\n","protected":false},"featured_media":881,"template":"","meta":[],"product_cat":[18],"product_tag":[],"class_list":["post-557","product","type-product","status-publish","has-post-thumbnail","hentry","product_cat-fact-sheet"],"acf":[],"_links":{"self":[{"href":"https:\/\/sangregorio.edu.ec\/observatoriociudadano\/wp-json\/wp\/v2\/product\/557","targetHints":{"allow":["GET"]}}],"collection":[{"href":"https:\/\/sangregorio.edu.ec\/observatoriociudadano\/wp-json\/wp\/v2\/product"}],"about":[{"href":"https:\/\/sangregorio.edu.ec\/observatoriociudadano\/wp-json\/wp\/v2\/types\/product"}],"wp:featuredmedia":[{"embeddable":true,"href":"https:\/\/sangregorio.edu.ec\/observatoriociudadano\/wp-json\/wp\/v2\/media\/881"}],"wp:attachment":[{"href":"https:\/\/sangregorio.edu.ec\/observatoriociudadano\/wp-json\/wp\/v2\/media?parent=557"}],"wp:term":[{"taxonomy":"product_cat","embeddable":true,"href":"https:\/\/sangregorio.edu.ec\/observatoriociudadano\/wp-json\/wp\/v2\/product_cat?post=557"},{"taxonomy":"product_tag","embeddable":true,"href":"https:\/\/sangregorio.edu.ec\/observatoriociudadano\/wp-json\/wp\/v2\/product_tag?post=557"}],"curies":[{"name":"wp","href":"https:\/\/api.w.org\/{rel}","templated":true}]}}