{"id":555,"date":"2021-11-10T02:24:46","date_gmt":"2021-11-10T02:24:46","guid":{"rendered":"https:\/\/intelecta.ec\/comunidadresiliente\/?post_type=product&#038;p=555"},"modified":"2022-03-16T21:28:33","modified_gmt":"2022-03-16T21:28:33","slug":"optimizacion-de-infraestructura-productiva-y-produccion-de-nuevas-inversiones-en-la-provincia-de-manabi","status":"publish","type":"product","link":"https:\/\/sangregorio.edu.ec\/observatoriociudadano\/informes\/optimizacion-de-infraestructura-productiva-y-produccion-de-nuevas-inversiones-en-la-provincia-de-manabi\/","title":{"rendered":"Optimizaci\u00f3n de Infraestructura Productiva y Producci\u00f3n De Nuevas Inversiones en la Provincia de Manab\u00ed"},"content":{"rendered":"","protected":false},"excerpt":{"rendered":"<p>\u00bfCu\u00e1les son los avances de la Agenda de Reactivaci\u00f3n Productiva para Manab\u00ed en Optimizaci\u00f3n de Infraestructura Productiva y Promoci\u00f3n de Nuevas Inversiones?<\/p>\n<p>Con\u00f3celos en este fact sheet que resume los resultados alcanzados en este objetivo priorizado, seg\u00fan el Informe Seguimiento: Resiliencia y Reactivaci\u00f3n \u00bfQu\u00e9 mismo pas\u00f3 en Manab\u00ed?, elaborado por el Observatorio Ciudadano, liderado por Grupo FARO y la Universidad San Gregorio de Portoviejo<\/p>\n<a href=\"https:\/\/sangregorio.edu.ec\/observatoriociudadano\/wp-content\/uploads\/2022\/03\/FACT-SHEET-3-Optimizacion-infraestructura-productiva-MANABI_compressed.pdf\" target=\"_self\" class=\"button primary\"  >\n    <span>descargar documento<\/span>\n  <i class=\"icon-angle-right\" ><\/i><\/a>\n\n","protected":false},"featured_media":564,"template":"","meta":[],"product_cat":[18],"product_tag":[],"class_list":["post-555","product","type-product","status-publish","has-post-thumbnail","hentry","product_cat-fact-sheet"],"acf":[],"_links":{"self":[{"href":"https:\/\/sangregorio.edu.ec\/observatoriociudadano\/wp-json\/wp\/v2\/product\/555","targetHints":{"allow":["GET"]}}],"collection":[{"href":"https:\/\/sangregorio.edu.ec\/observatoriociudadano\/wp-json\/wp\/v2\/product"}],"about":[{"href":"https:\/\/sangregorio.edu.ec\/observatoriociudadano\/wp-json\/wp\/v2\/types\/product"}],"wp:featuredmedia":[{"embeddable":true,"href":"https:\/\/sangregorio.edu.ec\/observatoriociudadano\/wp-json\/wp\/v2\/media\/564"}],"wp:attachment":[{"href":"https:\/\/sangregorio.edu.ec\/observatoriociudadano\/wp-json\/wp\/v2\/media?parent=555"}],"wp:term":[{"taxonomy":"product_cat","embeddable":true,"href":"https:\/\/sangregorio.edu.ec\/observatoriociudadano\/wp-json\/wp\/v2\/product_cat?post=555"},{"taxonomy":"product_tag","embeddable":true,"href":"https:\/\/sangregorio.edu.ec\/observatoriociudadano\/wp-json\/wp\/v2\/product_tag?post=555"}],"curies":[{"name":"wp","href":"https:\/\/api.w.org\/{rel}","templated":true}]}}