{"id":548,"date":"2020-02-21T02:19:36","date_gmt":"2020-02-21T02:19:36","guid":{"rendered":"https:\/\/intelecta.ec\/comunidadresiliente\/?post_type=product&#038;p=548"},"modified":"2022-03-17T21:31:59","modified_gmt":"2022-03-17T21:31:59","slug":"boletin-informativo-n-2","status":"publish","type":"product","link":"https:\/\/sangregorio.edu.ec\/observatoriociudadano\/informes\/boletin-informativo-n-2\/","title":{"rendered":"Bolet\u00edn informativo N\u00b0 2"},"content":{"rendered":"","protected":false},"excerpt":{"rendered":"<p>En esta segunda entrega, se provee informaci\u00f3n sobre c\u00f3mo se priorizaron las pol\u00edticas p\u00fablicas de reactivaci\u00f3n econ\u00f3mica y productiva a las que dar\u00e1 seguimiento el Observatorio, adem\u00e1s de aportar contenidos para entender la Resiliencia Territorial.<\/p>\n<a href=\"https:\/\/sangregorio.edu.ec\/observatoriociudadano\/wp-content\/uploads\/2022\/03\/Boletin-META-2_compressed.pdf%20\" target=\"_self\" class=\"button primary\"  >\n    <span>descargar documento<\/span>\n  <i class=\"icon-angle-right\" ><\/i><\/a>\n\n","protected":false},"featured_media":560,"template":"","meta":[],"product_cat":[17],"product_tag":[],"class_list":["post-548","product","type-product","status-publish","has-post-thumbnail","hentry","product_cat-boletines"],"acf":[],"_links":{"self":[{"href":"https:\/\/sangregorio.edu.ec\/observatoriociudadano\/wp-json\/wp\/v2\/product\/548","targetHints":{"allow":["GET"]}}],"collection":[{"href":"https:\/\/sangregorio.edu.ec\/observatoriociudadano\/wp-json\/wp\/v2\/product"}],"about":[{"href":"https:\/\/sangregorio.edu.ec\/observatoriociudadano\/wp-json\/wp\/v2\/types\/product"}],"wp:featuredmedia":[{"embeddable":true,"href":"https:\/\/sangregorio.edu.ec\/observatoriociudadano\/wp-json\/wp\/v2\/media\/560"}],"wp:attachment":[{"href":"https:\/\/sangregorio.edu.ec\/observatoriociudadano\/wp-json\/wp\/v2\/media?parent=548"}],"wp:term":[{"taxonomy":"product_cat","embeddable":true,"href":"https:\/\/sangregorio.edu.ec\/observatoriociudadano\/wp-json\/wp\/v2\/product_cat?post=548"},{"taxonomy":"product_tag","embeddable":true,"href":"https:\/\/sangregorio.edu.ec\/observatoriociudadano\/wp-json\/wp\/v2\/product_tag?post=548"}],"curies":[{"name":"wp","href":"https:\/\/api.w.org\/{rel}","templated":true}]}}