{"id":547,"date":"2019-10-30T02:17:54","date_gmt":"2019-10-30T02:17:54","guid":{"rendered":"https:\/\/intelecta.ec\/comunidadresiliente\/?post_type=product&#038;p=547"},"modified":"2022-03-17T15:57:26","modified_gmt":"2022-03-17T15:57:26","slug":"boletin-informativo-n-1","status":"publish","type":"product","link":"https:\/\/sangregorio.edu.ec\/observatoriociudadano\/informes\/boletin-informativo-n-1\/","title":{"rendered":"Bolet\u00edn informativo N\u00b0 1"},"content":{"rendered":"","protected":false},"excerpt":{"rendered":"<p>Este primer n\u00famero, adem\u00e1s de dar a conocer los avances del proyecto, busca aportar con informaci\u00f3n \u00fatil para la ciudadan\u00eda que desea conocer m\u00e1s acerca del proceso de reconstrucci\u00f3n y reactivaci\u00f3n post-terremoto.<\/p>\n<a href=\"https:\/\/sangregorio.edu.ec\/observatoriociudadano\/wp-content\/uploads\/2022\/03\/Boletin-META-1_compressed.pdf\" target=\"_self\" class=\"button primary\"  >\n    <span>descargar documento<\/span>\n  <i class=\"icon-angle-right\" ><\/i><\/a>\n\n","protected":false},"featured_media":559,"template":"","meta":[],"product_cat":[17],"product_tag":[],"class_list":["post-547","product","type-product","status-publish","has-post-thumbnail","hentry","product_cat-boletines"],"acf":[],"_links":{"self":[{"href":"https:\/\/sangregorio.edu.ec\/observatoriociudadano\/wp-json\/wp\/v2\/product\/547","targetHints":{"allow":["GET"]}}],"collection":[{"href":"https:\/\/sangregorio.edu.ec\/observatoriociudadano\/wp-json\/wp\/v2\/product"}],"about":[{"href":"https:\/\/sangregorio.edu.ec\/observatoriociudadano\/wp-json\/wp\/v2\/types\/product"}],"wp:featuredmedia":[{"embeddable":true,"href":"https:\/\/sangregorio.edu.ec\/observatoriociudadano\/wp-json\/wp\/v2\/media\/559"}],"wp:attachment":[{"href":"https:\/\/sangregorio.edu.ec\/observatoriociudadano\/wp-json\/wp\/v2\/media?parent=547"}],"wp:term":[{"taxonomy":"product_cat","embeddable":true,"href":"https:\/\/sangregorio.edu.ec\/observatoriociudadano\/wp-json\/wp\/v2\/product_cat?post=547"},{"taxonomy":"product_tag","embeddable":true,"href":"https:\/\/sangregorio.edu.ec\/observatoriociudadano\/wp-json\/wp\/v2\/product_tag?post=547"}],"curies":[{"name":"wp","href":"https:\/\/api.w.org\/{rel}","templated":true}]}}