{"id":422,"date":"2021-11-05T19:23:05","date_gmt":"2021-11-05T19:23:05","guid":{"rendered":"https:\/\/intelecta.ec\/comunidadresiliente\/?post_type=product&#038;p=422"},"modified":"2022-06-08T23:50:01","modified_gmt":"2022-06-08T23:50:01","slug":"despues-de-dos-emergencias-efectos-del-terremoto-y-la-pandemia-en-la-situacion-laboral-y-empresarial-de-manabi","status":"publish","type":"product","link":"https:\/\/sangregorio.edu.ec\/observatoriociudadano\/informes\/despues-de-dos-emergencias-efectos-del-terremoto-y-la-pandemia-en-la-situacion-laboral-y-empresarial-de-manabi\/","title":{"rendered":"Despu\u00e9s de dos emergencias: Efectos del terremoto y la pandemia en la situaci\u00f3n laboral y empresarial de Manab\u00ed"},"content":{"rendered":"","protected":false},"excerpt":{"rendered":"<p>El presente informe busca identificar la situaci\u00f3n de empleabilidad ante eventos disruptivos en Manab\u00ed. Para esto, en primer lugar, se analiza la situaci\u00f3n del empleo formal en la provincia sobre la base de un levantamiento de informaci\u00f3n en una muestra empresas de los siguientes sectores: agricultura, ganader\u00eda, silvicultura y pesca; manufactura; comercio y alojamiento y servicios de comida.<\/p>\n<p>Como segundo punto, y tomando en consideraci\u00f3n que la zona rural responde a sus propias din\u00e1micas, se presenta un an\u00e1lisis de caso basado en datos descriptivos sobre el impacto de la emergencia sanitaria en las actividades productivas de la comunidad rural \u201cEl Pueblito\u201d.<\/p>\n<a href=\"https:\/\/sangregorio.edu.ec\/observatoriociudadano\/wp-content\/uploads\/2022\/03\/EFECTOS-DEL-TERREMOTO-Y-DE-LA-PANDEMIA-EN-LA-SITUACION-LABORAL-Y-EMPRESARIAL-DE-MANABI_compressed_compressed.pdf\" target=\"_self\" class=\"button primary\"  >\n    <span>descargar documento<\/span>\n  <i class=\"icon-angle-right\" ><\/i><\/a>\n\n","protected":false},"featured_media":976,"template":"","meta":[],"product_cat":[16],"product_tag":[],"class_list":["post-422","product","type-product","status-publish","has-post-thumbnail","hentry","product_cat-informes"],"acf":[],"_links":{"self":[{"href":"https:\/\/sangregorio.edu.ec\/observatoriociudadano\/wp-json\/wp\/v2\/product\/422","targetHints":{"allow":["GET"]}}],"collection":[{"href":"https:\/\/sangregorio.edu.ec\/observatoriociudadano\/wp-json\/wp\/v2\/product"}],"about":[{"href":"https:\/\/sangregorio.edu.ec\/observatoriociudadano\/wp-json\/wp\/v2\/types\/product"}],"wp:featuredmedia":[{"embeddable":true,"href":"https:\/\/sangregorio.edu.ec\/observatoriociudadano\/wp-json\/wp\/v2\/media\/976"}],"wp:attachment":[{"href":"https:\/\/sangregorio.edu.ec\/observatoriociudadano\/wp-json\/wp\/v2\/media?parent=422"}],"wp:term":[{"taxonomy":"product_cat","embeddable":true,"href":"https:\/\/sangregorio.edu.ec\/observatoriociudadano\/wp-json\/wp\/v2\/product_cat?post=422"},{"taxonomy":"product_tag","embeddable":true,"href":"https:\/\/sangregorio.edu.ec\/observatoriociudadano\/wp-json\/wp\/v2\/product_tag?post=422"}],"curies":[{"name":"wp","href":"https:\/\/api.w.org\/{rel}","templated":true}]}}